{"id":296,"date":"2020-01-21T14:54:35","date_gmt":"2020-01-21T19:54:35","guid":{"rendered":"http:\/\/sitevolt.com\/alya\/?page_id=296"},"modified":"2021-07-27T16:06:44","modified_gmt":"2021-07-27T20:06:44","slug":"campaign-creation-fr","status":"publish","type":"page","link":"https:\/\/bridge.alya.ai\/fr\/campaign-creation-fr\/","title":{"rendered":"Alya Campaign creation &#8211; FR"},"content":{"rendered":"\n[et_pb_section fb_built=\u00a0\u00bb1&Prime; fullwidth=\u00a0\u00bbon\u00a0\u00bb _builder_version=\u00a0\u00bb4.0.9&Prime; background_color=\u00a0\u00bb#e5faff\u00a0\u00bb background_enable_image=\u00a0\u00bboff\u00a0\u00bb custom_margin=\u00a0\u00bb||0px||false|false\u00a0\u00bb custom_padding=\u00a0\u00bb||1px||false|false\u00a0\u00bb][et_pb_fullwidth_header text_orientation=\u00a0\u00bbright\u00a0\u00bb button_one_text=\u00a0\u00bbSign up\u00a0\u00bb button_two_text=\u00a0\u00bbLog in \u00a0\u00bb _builder_version=\u00a0\u00bb4.0.9&Prime; background_color=\u00a0\u00bbrgba(0,0,0,0)\u00a0\u00bb custom_button_one=\u00a0\u00bbon\u00a0\u00bb button_one_text_size=\u00a0\u00bb12px\u00a0\u00bb button_one_text_color=\u00a0\u00bb#32bcde\u00a0\u00bb button_one_border_width=\u00a0\u00bb1px\u00a0\u00bb button_one_border_radius=\u00a0\u00bb30px\u00a0\u00bb button_one_use_icon=\u00a0\u00bboff\u00a0\u00bb custom_button_two=\u00a0\u00bbon\u00a0\u00bb button_two_text_size=\u00a0\u00bb12px\u00a0\u00bb button_two_text_color=\u00a0\u00bb#32bcde\u00a0\u00bb button_two_border_width=\u00a0\u00bb1px\u00a0\u00bb button_two_border_radius=\u00a0\u00bb30px\u00a0\u00bb button_two_use_icon=\u00a0\u00bboff\u00a0\u00bb custom_margin=\u00a0\u00bb||4px|||\u00a0\u00bb custom_padding=\u00a0\u00bb0px||4px|||\u00a0\u00bb animation_style=\u00a0\u00bbfade\u00a0\u00bb animation_direction=\u00a0\u00bbtop\u00a0\u00bb custom_css_main_element=\u00a0\u00bbdisplay: flex;\u00a0\u00bb button_one_bg_color__hover_enabled=\u00a0\u00bbon|hover\u00a0\u00bb button_one_bg_color__hover=\u00a0\u00bbrgba(113,200,221,0.25)\u00a0\u00bb button_one_bg_enable_color__hover=\u00a0\u00bbon\u00a0\u00bb button_one_border_color__hover_enabled=\u00a0\u00bbon|hover\u00a0\u00bb button_one_border_color__hover=\u00a0\u00bbrgba(0,0,0,0)\u00a0\u00bb button_two_bg_color__hover_enabled=\u00a0\u00bbon|hover\u00a0\u00bb button_two_bg_color__hover=\u00a0\u00bbrgba(113,200,221,0.25)\u00a0\u00bb button_two_bg_enable_color__hover=\u00a0\u00bbon\u00a0\u00bb button_two_border_color__hover_enabled=\u00a0\u00bbon|hover\u00a0\u00bb button_two_border_color__hover=\u00a0\u00bbrgba(0,0,0,0)\u00a0\u00bb][\/et_pb_fullwidth_header][\/et_pb_section][et_pb_section fb_built=\u00a0\u00bb1&Prime; admin_label=\u00a0\u00bbHeader\u00a0\u00bb _builder_version=\u00a0\u00bb4.0.9&Prime; background_enable_color=\u00a0\u00bboff\u00a0\u00bb background_image=\u00a0\u00bbhttps:\/\/alyabridge.wpengine.com\/wp-content\/uploads\/2020\/01\/app-developer-illustration-small-03.png\u00a0\u00bb background_size=\u00a0\u00bbinitial\u00a0\u00bb background_position=\u00a0\u00bbbottom_right\u00a0\u00bb custom_margin=\u00a0\u00bb0px||||false|false\u00a0\u00bb custom_padding=\u00a0\u00bb9px||||false|false\u00a0\u00bb top_divider_style=\u00a0\u00bbwaves2&Prime; top_divider_color=\u00a0\u00bb#e5faff\u00a0\u00bb top_divider_height=\u00a0\u00bb95px\u00a0\u00bb top_divider_flip=\u00a0\u00bbhorizontal|vertical\u00a0\u00bb bottom_divider_style=\u00a0\u00bbwave2&Prime; bottom_divider_color=\u00a0\u00bb#ffffff\u00a0\u00bb bottom_divider_height=\u00a0\u00bb77px\u00a0\u00bb bottom_divider_flip=\u00a0\u00bbhorizontal\u00a0\u00bb hover_enabled=\u00a0\u00bb0&Prime;][et_pb_row _builder_version=\u00a0\u00bb4.0.9&Prime; min_height=\u00a0\u00bb255px\u00a0\u00bb locked=\u00a0\u00bboff\u00a0\u00bb][et_pb_column type=\u00a0\u00bb4_4&Prime; _builder_version=\u00a0\u00bb3.25&Prime; custom_padding=\u00a0\u00bb|||\u00a0\u00bb parallax__hover=\u00a0\u00bboff\u00a0\u00bb parallax_method__hover=\u00a0\u00bbon\u00a0\u00bb custom_padding__hover=\u00a0\u00bb|||\u00a0\u00bb][et_pb_divider color=\u00a0\u00bb#32bcde\u00a0\u00bb divider_weight=\u00a0\u00bb16px\u00a0\u00bb _builder_version=\u00a0\u00bb4.0.9&Prime; max_width=\u00a0\u00bb48px\u00a0\u00bb custom_margin=\u00a0\u00bb53px||0px||false|false\u00a0\u00bb locked=\u00a0\u00bboff\u00a0\u00bb][\/et_pb_divider][et_pb_text content_tablet=\u00a0\u00bb\u00a0\u00bb content_phone=\u00a0\u00bb<h1><span style=%22color: #32bcde;%22><\/span><\/h1>\n<h1>La Cr\u00e9ation de Campagne <span style=%22color: #32bcde;%22>Alya <\/span><\/h1>\n<p><span>La cr\u00e9ation de campagne Alya consiste uniquement \u00e0 cr\u00e9er UNE CAMPAGNE, mais Alya cr\u00e9era alors la structure de regroupement optimale. Si vous souhaitez avoir des campagnes plus \u00e9labor\u00e9es, veuillez cr\u00e9er plusieurs fois.<\/span><\/p>\n\u00a0\u00bb content_last_edited=\u00a0\u00bbon|phone\u00a0\u00bb _builder_version=\u00a0\u00bb4.0.9&Prime; text_font=\u00a0\u00bbPoppins||||||||\u00a0\u00bb text_text_color=\u00a0\u00bbrgba(5,10,6,0.8)\u00a0\u00bb text_font_size=\u00a0\u00bb18px\u00a0\u00bb text_line_height=\u00a0\u00bb1.8em\u00a0\u00bb header_font=\u00a0\u00bbPoppins|600|||||||\u00a0\u00bb header_font_size=\u00a0\u00bb50px\u00a0\u00bb width=\u00a0\u00bb67%\u00a0\u00bb hover_enabled=\u00a0\u00bb0&Prime; text_font_size_tablet=\u00a0\u00bb\u00a0\u00bb text_font_size_phone=\u00a0\u00bb12px\u00a0\u00bb text_font_size_last_edited=\u00a0\u00bbon|phone\u00a0\u00bb text_letter_spacing_tablet=\u00a0\u00bb\u00a0\u00bb text_letter_spacing_phone=\u00a0\u00bb\u00a0\u00bb text_letter_spacing_last_edited=\u00a0\u00bbon|phone\u00a0\u00bb text_line_height_tablet=\u00a0\u00bb\u00a0\u00bb text_line_height_phone=\u00a0\u00bb\u00a0\u00bb text_line_height_last_edited=\u00a0\u00bbon|desktop\u00a0\u00bb header_font_size_tablet=\u00a0\u00bb30px\u00a0\u00bb header_font_size_phone=\u00a0\u00bb23px\u00a0\u00bb header_font_size_last_edited=\u00a0\u00bbon|desktop\u00a0\u00bb background_color=\u00a0\u00bb#ffffff\u00a0\u00bb]<h1><span style=\"color: #32bcde;\"><\/span><\/h1>\n<h1>La Cr\u00e9ation de Campagne\u00a0<span style=\"color: #32bcde;\">Alya <\/span><\/h1>\n<p><span>La cr\u00e9ation de campagne\u00a0Alya consiste uniquement \u00e0 cr\u00e9er UNE CAMPAGNE, mais Alya cr\u00e9era alors la structure de regroupement optimale. Si vous souhaitez avoir des campagnes plus \u00e9labor\u00e9es, veuillez cr\u00e9er plusieurs fois.<\/span><\/p>[\/et_pb_text][\/et_pb_column][\/et_pb_row][\/et_pb_section][et_pb_section fb_built=\u00a0\u00bb1&Prime; _builder_version=\u00a0\u00bb4.0.9&Prime; background_color=\u00a0\u00bbrgba(0,0,0,0)\u00a0\u00bb custom_margin=\u00a0\u00bb-1px||||false|false\u00a0\u00bb custom_padding=\u00a0\u00bb0px||||false|false\u00a0\u00bb][et_pb_row _builder_version=\u00a0\u00bb4.0.9&Prime; custom_margin=\u00a0\u00bb-28px|auto||auto||\u00a0\u00bb][et_pb_column type=\u00a0\u00bb4_4&Prime; _builder_version=\u00a0\u00bb4.0.9&Prime;][et_pb_text _builder_version=\u00a0\u00bb4.0.9&Prime; custom_margin=\u00a0\u00bb-46px||||false|false\u00a0\u00bb custom_padding=\u00a0\u00bb0px||||false|false\u00a0\u00bb][\/et_pb_text][\/et_pb_column][\/et_pb_row][\/et_pb_section][et_pb_section fb_built=\u00a0\u00bb1&Prime; _builder_version=\u00a0\u00bb4.0.9&Prime; custom_padding=\u00a0\u00bb5px||26px|||\u00a0\u00bb bottom_divider_style=\u00a0\u00bbwaves2&Prime; bottom_divider_color=\u00a0\u00bbrgba(50,188,222,0.26)\u00a0\u00bb bottom_divider_height=\u00a0\u00bb47px\u00a0\u00bb bottom_divider_flip=\u00a0\u00bbvertical\u00a0\u00bb bottom_divider_style_tablet=\u00a0\u00bb\u00a0\u00bb bottom_divider_style_phone=\u00a0\u00bb\u00a0\u00bb bottom_divider_style_last_edited=\u00a0\u00bbon|phone\u00a0\u00bb global_module=\u00a0\u00bb351&Prime;][et_pb_row column_structure=\u00a0\u00bb1_5,1_5,1_5,1_5,1_5&Prime; use_custom_gutter=\u00a0\u00bbon\u00a0\u00bb gutter_width=\u00a0\u00bb2&Prime; make_equal=\u00a0\u00bbon\u00a0\u00bb _builder_version=\u00a0\u00bb4.0.9&Prime; max_width=\u00a0\u00bb100%\u00a0\u00bb module_alignment=\u00a0\u00bbcenter\u00a0\u00bb custom_margin=\u00a0\u00bb||||false|false\u00a0\u00bb custom_padding=\u00a0\u00bb|10vw|0px|10vw|false|false\u00a0\u00bb][et_pb_column type=\u00a0\u00bb1_5&Prime; _builder_version=\u00a0\u00bb4.0.9&Prime;][et_pb_text _builder_version=\u00a0\u00bb4.0.9&Prime; text_text_color=\u00a0\u00bb#32bcde\u00a0\u00bb text_font_size=\u00a0\u00bb13px\u00a0\u00bb width=\u00a0\u00bb100%\u00a0\u00bb custom_margin=\u00a0\u00bb||||false|false\u00a0\u00bb custom_padding=\u00a0\u00bb||0px|||\u00a0\u00bb]<div class=\"reference__JYLkdvxyDBbqKOBJwhchV\">\u00a9 Alya.ai 2020<\/div>\n<p><span><span style=\"font-size: small;\"> Made with <i class=\"fa fa-heart pulse\"><\/i> for Marketers<\/span><br \/> <\/span><\/p>[\/et_pb_text][\/et_pb_column][et_pb_column type=\u00a0\u00bb1_5&Prime; _builder_version=\u00a0\u00bb4.0.9&Prime;][et_pb_text _builder_version=\u00a0\u00bb4.0.9&Prime; text_text_color=\u00a0\u00bb#32bcde\u00a0\u00bb width=\u00a0\u00bb100%\u00a0\u00bb custom_margin=\u00a0\u00bb||||false|false\u00a0\u00bb]<div class=\"reference__JYLkdvxyDBbqKOBJwhchV\">Terms of use<\/div>[\/et_pb_text][\/et_pb_column][et_pb_column type=\u00a0\u00bb1_5&Prime; _builder_version=\u00a0\u00bb4.0.9&Prime;][et_pb_blurb title=\u00a0\u00bbSupport\u00a0\u00bb _builder_version=\u00a0\u00bb4.0.9&Prime; header_font_size=\u00a0\u00bb16px\u00a0\u00bb body_font_size=\u00a0\u00bb12px\u00a0\u00bb custom_margin=\u00a0\u00bb||||false|false\u00a0\u00bb]<p>+1 514-521-6106<br \/> <span style=\"color: #32bcde;\">support@alya.ai<\/span><\/p>[\/et_pb_blurb][\/et_pb_column][et_pb_column type=\u00a0\u00bb1_5&Prime; _builder_version=\u00a0\u00bb4.0.9&Prime;][et_pb_blurb title=\u00a0\u00bbSales\u00a0\u00bb _builder_version=\u00a0\u00bb4.0.9&Prime; header_font_size=\u00a0\u00bb16px\u00a0\u00bb body_font_size=\u00a0\u00bb12px\u00a0\u00bb custom_margin=\u00a0\u00bb||||false|false\u00a0\u00bb custom_margin_tablet=\u00a0\u00bb-30px||||false|false\u00a0\u00bb custom_margin_phone=\u00a0\u00bb\u00a0\u00bb custom_margin_last_edited=\u00a0\u00bbon|tablet\u00a0\u00bb custom_padding_tablet=\u00a0\u00bb||||false|false\u00a0\u00bb custom_padding_phone=\u00a0\u00bb\u00a0\u00bb custom_padding_last_edited=\u00a0\u00bbon|tablet\u00a0\u00bb]<p>+1-647-503-0505<br \/> ext <strong>202<\/strong>#<br \/> <span style=\"color: #32bcde;\">sales@alya.ai<\/span><\/p>[\/et_pb_blurb][\/et_pb_column][et_pb_column type=\u00a0\u00bb1_5&Prime; _builder_version=\u00a0\u00bb4.0.9&Prime;][et_pb_blurb title=\u00a0\u00bbAddress\u00a0\u00bb content_max_width_tablet=\u00a0\u00bb\u00a0\u00bb content_max_width_phone=\u00a0\u00bb\u00a0\u00bb content_max_width_last_edited=\u00a0\u00bbon|desktop\u00a0\u00bb _builder_version=\u00a0\u00bb4.0.9&Prime; header_font_size=\u00a0\u00bb16px\u00a0\u00bb body_font_size=\u00a0\u00bb12px\u00a0\u00bb width=\u00a0\u00bb200%\u00a0\u00bb custom_margin=\u00a0\u00bb||||false|false\u00a0\u00bb]<p>2065 Parthenais Street, #377B,<br \/> Montreal, Quebec, Canada<br \/> H2K 3T1<\/p>[\/et_pb_blurb][\/et_pb_column][\/et_pb_row][\/et_pb_section]\n","protected":false},"excerpt":{"rendered":"<p>La Cr\u00e9ation de Campagne\u00a0Alya La cr\u00e9ation de campagne\u00a0Alya consiste uniquement \u00e0 cr\u00e9er UNE CAMPAGNE, mais Alya cr\u00e9era alors la structure de regroupement optimale. Si vous souhaitez avoir des campagnes plus \u00e9labor\u00e9es, veuillez cr\u00e9er plusieurs fois.\u00a9 Alya.ai 2020 Made with for Marketers Terms of use+1 514-521-6106 support@alya.ai+1-647-503-0505 ext 202# sales@alya.ai2065 Parthenais Street, [&hellip;]<\/p>\n","protected":false},"author":3,"featured_media":0,"parent":0,"menu_order":0,"comment_status":"closed","ping_status":"closed","template":"page-template-blank.php","meta":{"_et_pb_use_builder":"on","_et_pb_old_content":"","_et_gb_content_width":"","content-type":"","_monsterinsights_skip_tracking":false,"_monsterinsights_sitenote_active":false,"_monsterinsights_sitenote_note":"","_monsterinsights_sitenote_category":0,"footnotes":""},"class_list":["post-296","page","type-page","status-publish","hentry"],"yoast_head":"<!-- This site is optimized with the Yoast SEO plugin v27.5 - https:\/\/yoast.com\/product\/yoast-seo-wordpress\/ -->\n<title>Alya Campaign creation - FR - Alya<\/title>\n<meta name=\"robots\" content=\"index, follow, max-snippet:-1, max-image-preview:large, max-video-preview:-1\" \/>\n<link rel=\"canonical\" href=\"https:\/\/bridge.alya.ai\/fr\/campaign-creation-fr\/\" \/>\n<meta property=\"og:locale\" content=\"fr_FR\" \/>\n<meta property=\"og:type\" content=\"article\" \/>\n<meta property=\"og:title\" content=\"Alya Campaign creation - FR - Alya\" \/>\n<meta property=\"og:description\" content=\"La Cr\u00e9ation de Campagne\u00a0Alya La cr\u00e9ation de campagne\u00a0Alya consiste uniquement \u00e0 cr\u00e9er UNE CAMPAGNE, mais Alya cr\u00e9era alors la structure de regroupement optimale. Si vous souhaitez avoir des campagnes plus \u00e9labor\u00e9es, veuillez cr\u00e9er plusieurs fois.\u00a9 Alya.ai 2020 Made with for Marketers Terms of use+1 514-521-6106 support@alya.ai+1-647-503-0505 ext 202# sales@alya.ai2065 Parthenais Street, [&hellip;]\" \/>\n<meta property=\"og:url\" content=\"https:\/\/bridge.alya.ai\/fr\/campaign-creation-fr\/\" \/>\n<meta property=\"og:site_name\" content=\"Alya\" \/>\n<meta property=\"article:modified_time\" content=\"2021-07-27T20:06:44+00:00\" \/>\n<meta name=\"twitter:card\" content=\"summary_large_image\" \/>\n<meta name=\"twitter:label1\" content=\"Dur\u00e9e de lecture estim\u00e9e\" \/>\n\t<meta name=\"twitter:data1\" content=\"2 minutes\" \/>\n<script type=\"application\/ld+json\" class=\"yoast-schema-graph\">{\"@context\":\"https:\\\/\\\/schema.org\",\"@graph\":[{\"@type\":\"WebPage\",\"@id\":\"https:\\\/\\\/bridge.alya.ai\\\/fr\\\/campaign-creation-fr\\\/\",\"url\":\"https:\\\/\\\/bridge.alya.ai\\\/fr\\\/campaign-creation-fr\\\/\",\"name\":\"Alya Campaign creation - FR - Alya\",\"isPartOf\":{\"@id\":\"https:\\\/\\\/bridge.alya.ai\\\/fr\\\/#website\"},\"datePublished\":\"2020-01-21T19:54:35+00:00\",\"dateModified\":\"2021-07-27T20:06:44+00:00\",\"breadcrumb\":{\"@id\":\"https:\\\/\\\/bridge.alya.ai\\\/fr\\\/campaign-creation-fr\\\/#breadcrumb\"},\"inLanguage\":\"fr-FR\",\"potentialAction\":[{\"@type\":\"ReadAction\",\"target\":[\"https:\\\/\\\/bridge.alya.ai\\\/fr\\\/campaign-creation-fr\\\/\"]}]},{\"@type\":\"BreadcrumbList\",\"@id\":\"https:\\\/\\\/bridge.alya.ai\\\/fr\\\/campaign-creation-fr\\\/#breadcrumb\",\"itemListElement\":[{\"@type\":\"ListItem\",\"position\":1,\"name\":\"Accueil\",\"item\":\"https:\\\/\\\/bridge.alya.ai\\\/fr\\\/\"},{\"@type\":\"ListItem\",\"position\":2,\"name\":\"Alya Campaign creation &#8211; FR\"}]},{\"@type\":\"WebSite\",\"@id\":\"https:\\\/\\\/bridge.alya.ai\\\/fr\\\/#website\",\"url\":\"https:\\\/\\\/bridge.alya.ai\\\/fr\\\/\",\"name\":\"Alya\",\"description\":\"Alya Marketing Intelligence \",\"potentialAction\":[{\"@type\":\"SearchAction\",\"target\":{\"@type\":\"EntryPoint\",\"urlTemplate\":\"https:\\\/\\\/bridge.alya.ai\\\/fr\\\/?s={search_term_string}\"},\"query-input\":{\"@type\":\"PropertyValueSpecification\",\"valueRequired\":true,\"valueName\":\"search_term_string\"}}],\"inLanguage\":\"fr-FR\"}]}<\/script>\n<!-- \/ Yoast SEO plugin. -->","yoast_head_json":{"title":"Alya Campaign creation - FR - Alya","robots":{"index":"index","follow":"follow","max-snippet":"max-snippet:-1","max-image-preview":"max-image-preview:large","max-video-preview":"max-video-preview:-1"},"canonical":"https:\/\/bridge.alya.ai\/fr\/campaign-creation-fr\/","og_locale":"fr_FR","og_type":"article","og_title":"Alya Campaign creation - FR - Alya","og_description":"La Cr\u00e9ation de Campagne\u00a0Alya La cr\u00e9ation de campagne\u00a0Alya consiste uniquement \u00e0 cr\u00e9er UNE CAMPAGNE, mais Alya cr\u00e9era alors la structure de regroupement optimale. Si vous souhaitez avoir des campagnes plus \u00e9labor\u00e9es, veuillez cr\u00e9er plusieurs fois.\u00a9 Alya.ai 2020 Made with for Marketers Terms of use+1 514-521-6106 support@alya.ai+1-647-503-0505 ext 202# sales@alya.ai2065 Parthenais Street, [&hellip;]","og_url":"https:\/\/bridge.alya.ai\/fr\/campaign-creation-fr\/","og_site_name":"Alya","article_modified_time":"2021-07-27T20:06:44+00:00","twitter_card":"summary_large_image","twitter_misc":{"Dur\u00e9e de lecture estim\u00e9e":"2 minutes"},"schema":{"@context":"https:\/\/schema.org","@graph":[{"@type":"WebPage","@id":"https:\/\/bridge.alya.ai\/fr\/campaign-creation-fr\/","url":"https:\/\/bridge.alya.ai\/fr\/campaign-creation-fr\/","name":"Alya Campaign creation - FR - Alya","isPartOf":{"@id":"https:\/\/bridge.alya.ai\/fr\/#website"},"datePublished":"2020-01-21T19:54:35+00:00","dateModified":"2021-07-27T20:06:44+00:00","breadcrumb":{"@id":"https:\/\/bridge.alya.ai\/fr\/campaign-creation-fr\/#breadcrumb"},"inLanguage":"fr-FR","potentialAction":[{"@type":"ReadAction","target":["https:\/\/bridge.alya.ai\/fr\/campaign-creation-fr\/"]}]},{"@type":"BreadcrumbList","@id":"https:\/\/bridge.alya.ai\/fr\/campaign-creation-fr\/#breadcrumb","itemListElement":[{"@type":"ListItem","position":1,"name":"Accueil","item":"https:\/\/bridge.alya.ai\/fr\/"},{"@type":"ListItem","position":2,"name":"Alya Campaign creation &#8211; FR"}]},{"@type":"WebSite","@id":"https:\/\/bridge.alya.ai\/fr\/#website","url":"https:\/\/bridge.alya.ai\/fr\/","name":"Alya","description":"Alya Marketing Intelligence ","potentialAction":[{"@type":"SearchAction","target":{"@type":"EntryPoint","urlTemplate":"https:\/\/bridge.alya.ai\/fr\/?s={search_term_string}"},"query-input":{"@type":"PropertyValueSpecification","valueRequired":true,"valueName":"search_term_string"}}],"inLanguage":"fr-FR"}]}},"_links":{"self":[{"href":"https:\/\/bridge.alya.ai\/fr\/wp-json\/wp\/v2\/pages\/296","targetHints":{"allow":["GET"]}}],"collection":[{"href":"https:\/\/bridge.alya.ai\/fr\/wp-json\/wp\/v2\/pages"}],"about":[{"href":"https:\/\/bridge.alya.ai\/fr\/wp-json\/wp\/v2\/types\/page"}],"author":[{"embeddable":true,"href":"https:\/\/bridge.alya.ai\/fr\/wp-json\/wp\/v2\/users\/3"}],"replies":[{"embeddable":true,"href":"https:\/\/bridge.alya.ai\/fr\/wp-json\/wp\/v2\/comments?post=296"}],"version-history":[{"count":0,"href":"https:\/\/bridge.alya.ai\/fr\/wp-json\/wp\/v2\/pages\/296\/revisions"}],"wp:attachment":[{"href":"https:\/\/bridge.alya.ai\/fr\/wp-json\/wp\/v2\/media?parent=296"}],"curies":[{"name":"wp","href":"https:\/\/api.w.org\/{rel}","templated":true}]}}